{"id":1642,"date":"2022-08-02T18:16:29","date_gmt":"2022-08-02T16:16:29","guid":{"rendered":"https:\/\/nexus-avocats.ch\/kontakt\/"},"modified":"2026-01-14T17:30:18","modified_gmt":"2026-01-14T16:30:18","slug":"kontakt","status":"publish","type":"page","link":"https:\/\/nexus-avocats.ch\/de\/kontakt\/","title":{"rendered":"Kontakt"},"content":{"rendered":"<p>[et_pb_section fb_built=&#8220;1&#8243; _builder_version=&#8220;4.17.6&#8243; _module_preset=&#8220;default&#8220; background_color=&#8220;#C6D7F3&#8243; global_colors_info=&#8220;{}&#8220;][et_pb_row make_equal=&#8220;on&#8220; _builder_version=&#8220;4.17.6&#8243; _module_preset=&#8220;default&#8220; custom_margin=&#8220;50px||||false|false&#8220; global_colors_info=&#8220;{}&#8220;][et_pb_column type=&#8220;4_4&#8243; _builder_version=&#8220;4.17.6&#8243; _module_preset=&#8220;default&#8220; custom_css_main_element=&#8220;display:flex;||flex-direction:column;||justify-content:center;||&#8220; global_colors_info=&#8220;{}&#8220;][et_pb_text _builder_version=&#8220;4.17.6&#8243; _module_preset=&#8220;_initial&#8220; text_font=&#8220;Recoleta||||||||&#8220; header_font=&#8220;Recoleta||||||||&#8220; header_font_size=&#8220;60px&#8220; header_line_height=&#8220;1.3em&#8220; header_font_size_tablet=&#8220;60px&#8220; header_font_size_phone=&#8220;45px&#8220; header_font_size_last_edited=&#8220;on|phone&#8220; global_colors_info=&#8220;{}&#8220;]<\/p>\n<h1>Eine <span>einzige<\/span> Kontaktstelle f\u00fcr alle Ihre Anliegen.<\/h1>\n<p>[\/et_pb_text][\/et_pb_column][\/et_pb_row][\/et_pb_section][et_pb_section fb_built=&#8220;1&#8243; _builder_version=&#8220;4.17.6&#8243; _module_preset=&#8220;default&#8220; background_color=&#8220;#C6D7F3&#8243; global_colors_info=&#8220;{}&#8220;][et_pb_row column_structure=&#8220;3_5,2_5&#8243; use_custom_gutter=&#8220;on&#8220; gutter_width=&#8220;4&#8243; _builder_version=&#8220;4.17.6&#8243; _module_preset=&#8220;default&#8220; global_colors_info=&#8220;{}&#8220;][et_pb_column type=&#8220;3_5&#8243; _builder_version=&#8220;4.17.6&#8243; _module_preset=&#8220;default&#8220; global_colors_info=&#8220;{}&#8220;][et_pb_code _builder_version=&#8220;4.17.6&#8243; _module_preset=&#8220;default&#8220; animation_style=&#8220;fade&#8220; global_colors_info=&#8220;{}&#8220;]<div class=\"forminator-ui forminator-custom-form forminator-custom-form-865   forminator_ajax\" data-forminator-render=\"0\" data-form=\"forminator-module-865\" data-uid=\"69da473fef126\"><br\/><\/div><form\n\t\t\t\tid=\"forminator-module-865\"\n\t\t\t\tclass=\"forminator-ui forminator-custom-form forminator-custom-form-865   forminator_ajax\"\n\t\t\t\tmethod=\"post\"\n\t\t\t\tdata-forminator-render=\"0\"\n\t\t\t\tdata-form-id=\"865\"\n\t\t\t\t data-color-option=\"default\" data-design=\"none\" data-grid=\"open\" style=\"display: none;\"\n\t\t\t\tdata-uid=\"69da473fef126\"\n\t\t\t><div role=\"alert\" aria-live=\"polite\" class=\"forminator-response-message forminator-error\" aria-hidden=\"true\"><\/div><div class=\"forminator-row\"><div id=\"name-1\" class=\"forminator-field-name forminator-col forminator-col-12 \"><div class=\"forminator-field\"><label for=\"forminator-field-name-1_69da473fef126\" id=\"forminator-field-name-1_69da473fef126-label\" class=\"forminator-label\">nom <span class=\"forminator-required\">*<\/span><\/label><input type=\"text\" name=\"name-1\" value=\"\" placeholder=\"Nom complet*\" id=\"forminator-field-name-1_69da473fef126\" class=\"forminator-input forminator-name--field\" aria-required=\"true\" autocomplete=\"name\" \/><\/div><\/div><\/div><div class=\"forminator-row\"><div id=\"text-1\" class=\"forminator-field-text forminator-col forminator-col-12 \"><div class=\"forminator-field\"><label for=\"forminator-field-text-1_69da473fef126\" id=\"forminator-field-text-1_69da473fef126-label\" class=\"forminator-label\">societe<\/label><input type=\"text\" name=\"text-1\" value=\"\" placeholder=\"Soci\u00e9t\u00e9\" id=\"forminator-field-text-1_69da473fef126\" class=\"forminator-input forminator-name--field\" data-required=\"\" \/><\/div><\/div><\/div><div class=\"forminator-row\"><div id=\"email-1\" class=\"forminator-field-email forminator-col forminator-col-12 \"><div class=\"forminator-field\"><label for=\"forminator-field-email-1_69da473fef126\" id=\"forminator-field-email-1_69da473fef126-label\" class=\"forminator-label\">email <span class=\"forminator-required\">*<\/span><\/label><input type=\"email\" name=\"email-1\" value=\"\" placeholder=\"Adresse e-mail *\" id=\"forminator-field-email-1_69da473fef126\" class=\"forminator-input forminator-email--field\" data-required=\"true\" aria-required=\"true\" autocomplete=\"email\" \/><\/div><\/div><\/div><div class=\"forminator-row\"><div id=\"phone-1\" class=\"forminator-field-phone forminator-col forminator-col-12 \"><div class=\"forminator-field\"><label for=\"forminator-field-phone-1_69da473fef126\" id=\"forminator-field-phone-1_69da473fef126-label\" class=\"forminator-label\">telephone<\/label><input type=\"text\" name=\"phone-1\" value=\"\" placeholder=\"Num\u00e9ro de t\u00e9l\u00e9phone\" id=\"forminator-field-phone-1_69da473fef126\" class=\"forminator-input forminator-field--phone\" data-required=\"\" aria-required=\"false\" autocomplete=\"off\" data-national_mode=\"disabled\" data-country=\"ch\" data-validation=\"international\" \/><\/div><\/div><\/div><div class=\"forminator-row\"><div id=\"text-2\" class=\"forminator-field-text forminator-col forminator-col-12 \"><div class=\"forminator-field\"><label for=\"forminator-field-text-2_69da473fef126\" id=\"forminator-field-text-2_69da473fef126-label\" class=\"forminator-label\">sujet <span class=\"forminator-required\">*<\/span><\/label><input type=\"text\" name=\"text-2\" value=\"\" placeholder=\"L\u2019objet de votre demande\" id=\"forminator-field-text-2_69da473fef126\" class=\"forminator-input forminator-name--field\" data-required=\"1\" \/><\/div><\/div><\/div><div class=\"forminator-row\"><div id=\"textarea-1\" class=\"forminator-field-textarea forminator-col forminator-col-12 \"><div class=\"forminator-field\"><label for=\"forminator-field-textarea-1_69da473fef126\" id=\"forminator-field-textarea-1_69da473fef126-label\" class=\"forminator-label\">message <span class=\"forminator-required\">*<\/span><\/label><textarea name=\"textarea-1\" placeholder=\"Votre message\" id=\"forminator-field-textarea-1_69da473fef126\" class=\"forminator-textarea\" rows=\"6\" style=\"min-height:250px;\" maxlength=\"500\" ><\/textarea><span id=\"forminator-field-textarea-1_69da473fef126-description\" class=\"forminator-description\"><span data-limit=\"500\" data-type=\"characters\" data-editor=\"\">0 \/ 500<\/span><\/span><\/div><\/div><\/div><div class=\"forminator-row\" style=\"margin: 0;\"><div id=\"captcha-1\" class=\"forminator-field-captcha  forminator-col-12 \"><div class=\"forminator-captcha-left forminator-g-recaptcha recaptcha-invisible\" data-theme=\"light\" data-badge=\"bottomright\" data-sitekey=\"6Lc3DN0hAAAAAETZ_eC7cUo9Q5XYGs560QVPkgoO\" data-size=\"invisible\"><\/div> <\/div><\/div><input type=\"hidden\" name=\"referer_url\" value=\"\" \/><div class=\"forminator-row forminator-row-last\"><div class=\"forminator-col\"><div class=\"forminator-field\"><button class=\"forminator-button forminator-button-submit\">Envoyer le message<\/button><\/div><\/div><\/div><input type=\"hidden\" id=\"forminator_nonce\" name=\"forminator_nonce\" value=\"84cc206502\" \/><input type=\"hidden\" name=\"_wp_http_referer\" value=\"\/de\/wp-json\/wp\/v2\/pages\/1642\" \/><input type=\"hidden\" name=\"form_id\" value=\"865\"><input type=\"hidden\" name=\"page_id\" value=\"1642\"><input type=\"hidden\" name=\"form_type\" value=\"default\"><input type=\"hidden\" name=\"current_url\" value=\"https:\/\/nexus-avocats.ch\/de\/kontakt\/\"><input type=\"hidden\" name=\"render_id\" value=\"0\"><input type=\"hidden\" name=\"action\" value=\"forminator_submit_form_custom-forms\"><\/form>[\/et_pb_code][\/et_pb_column][et_pb_column type=&#8220;2_5&#8243; _builder_version=&#8220;4.17.6&#8243; _module_preset=&#8220;default&#8220; global_colors_info=&#8220;{}&#8220;][et_pb_text module_class=&#8220;orange&#8220; _builder_version=&#8220;4.27.5&#8243; _module_preset=&#8220;default&#8220; text_font_size=&#8220;20px&#8220; text_line_height=&#8220;35px&#8220; link_font=&#8220;||||||||&#8220; link_font_size=&#8220;15px&#8220; header_2_font=&#8220;|800|||||||&#8220; header_2_font_size=&#8220;20px&#8220; hover_enabled=&#8220;0&#8243; global_colors_info=&#8220;{}&#8220; sticky_enabled=&#8220;0&#8243;]<\/p>\n<h2>NEXUS Rechtsanw\u00e4lte AG<\/h2>\n<p><strong>B\u00fcro Vevey<\/strong><br \/>Rue des Communaux 14<br \/>1800 Vevey<br \/><span style=\"font-size: small;\">(Adresse f\u00fcr jegliche Korrespondenz)<\/span><\/p>\n<p><strong>B\u00fcro Lausanne<\/strong><br \/>Place Chauderon 24<br \/>1003 Lausanne<\/p>\n<p>+41 21 922 21 52<\/p>\n<hr>\n<p> <a href=\"https:\/\/www.linkedin.com\/company\/nexus-avocats\/\" target=\"_blank\" rel=\"noopener nofollow\"> LinkedIn<\/a> <a href=\"https:\/\/www.facebook.com\/avocats.nexus\" target=\"_blank\" rel=\"noopener nofollow\">Facebook<\/a> <a href=\"https:\/\/www.instagram.com\/nexus_avocats\/\" target=\"_blank\" rel=\"noopener nofollow\">Instagram<\/a><\/p>\n<p>[\/et_pb_text][\/et_pb_column][\/et_pb_row][\/et_pb_section]<\/p>\n","protected":false},"excerpt":{"rendered":"<p>Eine einzige Kontaktstelle f\u00fcr alle Ihre Anliegen.<div class=\"forminator-ui forminator-custom-form forminator-custom-form-865   forminator_ajax\" data-forminator-render=\"1\" data-form=\"forminator-module-865\" data-uid=\"69da47400c248\"><br\/><\/div><form\n\t\t\t\tid=\"forminator-module-865\"\n\t\t\t\tclass=\"forminator-ui forminator-custom-form forminator-custom-form-865   forminator_ajax\"\n\t\t\t\tmethod=\"post\"\n\t\t\t\tdata-forminator-render=\"1\"\n\t\t\t\tdata-form-id=\"865\"\n\t\t\t\t data-color-option=\"default\" data-design=\"none\" data-grid=\"open\" style=\"display: none;\"\n\t\t\t\tdata-uid=\"69da47400c248\"\n\t\t\t><div role=\"alert\" aria-live=\"polite\" class=\"forminator-response-message forminator-error\" aria-hidden=\"true\"><\/div><div class=\"forminator-row\"><div id=\"name-1\" class=\"forminator-field-name forminator-col forminator-col-12 \"><div class=\"forminator-field\"><label for=\"forminator-field-name-1_69da47400c248\" id=\"forminator-field-name-1_69da47400c248-label\" class=\"forminator-label\">nom <span class=\"forminator-required\">*<\/span><\/label><input type=\"text\" name=\"name-1\" value=\"\" placeholder=\"Nom complet*\" id=\"forminator-field-name-1_69da47400c248\" class=\"forminator-input forminator-name--field\" aria-required=\"true\" autocomplete=\"name\" \/><\/div><\/div><\/div><div class=\"forminator-row\"><div id=\"text-1\" class=\"forminator-field-text forminator-col forminator-col-12 \"><div class=\"forminator-field\"><label for=\"forminator-field-text-1_69da47400c248\" id=\"forminator-field-text-1_69da47400c248-label\" class=\"forminator-label\">societe<\/label><input type=\"text\" name=\"text-1\" value=\"\" placeholder=\"Soci\u00e9t\u00e9\" id=\"forminator-field-text-1_69da47400c248\" class=\"forminator-input forminator-name--field\" data-required=\"\" \/><\/div><\/div><\/div><div class=\"forminator-row\"><div id=\"email-1\" class=\"forminator-field-email forminator-col forminator-col-12 \"><div class=\"forminator-field\"><label for=\"forminator-field-email-1_69da47400c248\" id=\"forminator-field-email-1_69da47400c248-label\" class=\"forminator-label\">email <span class=\"forminator-required\">*<\/span><\/label><input type=\"email\" name=\"email-1\" value=\"\" placeholder=\"Adresse e-mail *\" id=\"forminator-field-email-1_69da47400c248\" class=\"forminator-input forminator-email--field\" data-required=\"true\" aria-required=\"true\" autocomplete=\"email\" \/><\/div><\/div><\/div><div class=\"forminator-row\"><div id=\"phone-1\" class=\"forminator-field-phone forminator-col forminator-col-12 \"><div class=\"forminator-field\"><label for=\"forminator-field-phone-1_69da47400c248\" id=\"forminator-field-phone-1_69da47400c248-label\" class=\"forminator-label\">telephone<\/label><input type=\"text\" name=\"phone-1\" value=\"\" placeholder=\"Num\u00e9ro de t\u00e9l\u00e9phone\" id=\"forminator-field-phone-1_69da47400c248\" class=\"forminator-input forminator-field--phone\" data-required=\"\" aria-required=\"false\" autocomplete=\"off\" data-national_mode=\"disabled\" data-country=\"ch\" data-validation=\"international\" \/><\/div><\/div><\/div><div class=\"forminator-row\"><div id=\"text-2\" class=\"forminator-field-text forminator-col forminator-col-12 \"><div class=\"forminator-field\"><label for=\"forminator-field-text-2_69da47400c248\" id=\"forminator-field-text-2_69da47400c248-label\" class=\"forminator-label\">sujet <span class=\"forminator-required\">*<\/span><\/label><input type=\"text\" name=\"text-2\" value=\"\" placeholder=\"L\u2019objet de votre demande\" id=\"forminator-field-text-2_69da47400c248\" class=\"forminator-input forminator-name--field\" data-required=\"1\" \/><\/div><\/div><\/div><div class=\"forminator-row\"><div id=\"textarea-1\" class=\"forminator-field-textarea forminator-col forminator-col-12 \"><div class=\"forminator-field\"><label for=\"forminator-field-textarea-1_69da47400c248\" id=\"forminator-field-textarea-1_69da47400c248-label\" class=\"forminator-label\">message <span class=\"forminator-required\">*<\/span><\/label><textarea name=\"textarea-1\" placeholder=\"Votre message\" id=\"forminator-field-textarea-1_69da47400c248\" class=\"forminator-textarea\" rows=\"6\" style=\"min-height:250px;\" maxlength=\"500\" ><\/textarea><span id=\"forminator-field-textarea-1_69da47400c248-description\" class=\"forminator-description\"><span data-limit=\"500\" data-type=\"characters\" data-editor=\"\">0 \/ 500<\/span><\/span><\/div><\/div><\/div><div class=\"forminator-row\" style=\"margin: 0;\"><div id=\"captcha-1\" class=\"forminator-field-captcha  forminator-col-12 \"><div class=\"forminator-captcha-left forminator-g-recaptcha recaptcha-invisible\" data-theme=\"light\" data-badge=\"bottomright\" data-sitekey=\"6Lc3DN0hAAAAAETZ_eC7cUo9Q5XYGs560QVPkgoO\" data-size=\"invisible\"><\/div> <\/div><\/div><input type=\"hidden\" name=\"referer_url\" value=\"\" \/><div class=\"forminator-row forminator-row-last\"><div class=\"forminator-col\"><div class=\"forminator-field\"><button class=\"forminator-button forminator-button-submit\">Envoyer le message<\/button><\/div><\/div><\/div><input type=\"hidden\" id=\"forminator_nonce\" name=\"forminator_nonce\" value=\"84cc206502\" \/><input type=\"hidden\" name=\"_wp_http_referer\" value=\"\/de\/wp-json\/wp\/v2\/pages\/1642\" \/><input type=\"hidden\" name=\"form_id\" value=\"865\"><input type=\"hidden\" name=\"page_id\" value=\"1642\"><input type=\"hidden\" name=\"form_type\" value=\"default\"><input type=\"hidden\" name=\"current_url\" value=\"https:\/\/nexus-avocats.ch\/de\/kontakt\/\"><input type=\"hidden\" name=\"render_id\" value=\"1\"><input type=\"hidden\" name=\"action\" value=\"forminator_submit_form_custom-forms\"><\/form>NEXUS Rechtsanw\u00e4lte AG B\u00fcro VeveyRue des Communaux 141800 Vevey(Adresse f\u00fcr jegliche Korrespondenz) B\u00fcro LausannePlace Chauderon 241003 Lausanne +41 21 922 21 52 LinkedIn Facebook Instagram<\/p>\n","protected":false},"author":1,"featured_media":0,"parent":0,"menu_order":4,"comment_status":"closed","ping_status":"closed","template":"","meta":{"_acf_changed":false,"_et_pb_use_builder":"on","_et_pb_old_content":"","_et_gb_content_width":"","inline_featured_image":false,"footnotes":""},"class_list":["post-1642","page","type-page","status-publish","hentry"],"acf":[],"_links":{"self":[{"href":"https:\/\/nexus-avocats.ch\/de\/wp-json\/wp\/v2\/pages\/1642","targetHints":{"allow":["GET"]}}],"collection":[{"href":"https:\/\/nexus-avocats.ch\/de\/wp-json\/wp\/v2\/pages"}],"about":[{"href":"https:\/\/nexus-avocats.ch\/de\/wp-json\/wp\/v2\/types\/page"}],"author":[{"embeddable":true,"href":"https:\/\/nexus-avocats.ch\/de\/wp-json\/wp\/v2\/users\/1"}],"replies":[{"embeddable":true,"href":"https:\/\/nexus-avocats.ch\/de\/wp-json\/wp\/v2\/comments?post=1642"}],"version-history":[{"count":3,"href":"https:\/\/nexus-avocats.ch\/de\/wp-json\/wp\/v2\/pages\/1642\/revisions"}],"predecessor-version":[{"id":2740,"href":"https:\/\/nexus-avocats.ch\/de\/wp-json\/wp\/v2\/pages\/1642\/revisions\/2740"}],"wp:attachment":[{"href":"https:\/\/nexus-avocats.ch\/de\/wp-json\/wp\/v2\/media?parent=1642"}],"curies":[{"name":"wp","href":"https:\/\/api.w.org\/{rel}","templated":true}]}}