{"id":2105,"date":"2023-09-18T17:27:33","date_gmt":"2023-09-18T15:27:33","guid":{"rendered":"https:\/\/nexus-avocats.ch\/privacy-policy\/"},"modified":"2023-11-06T18:21:02","modified_gmt":"2023-11-06T17:21:02","slug":"privacy-policy","status":"publish","type":"page","link":"https:\/\/nexus-avocats.ch\/de\/privacy-policy\/","title":{"rendered":"Datenschutzrichtlinie"},"content":{"rendered":"<p>[et_pb_section fb_built=&#8220;1&#8243; _builder_version=&#8220;4.16&#8243; locked=&#8220;off&#8220; global_colors_info=&#8220;{}&#8220;][et_pb_row _builder_version=&#8220;4.16&#8243; background_size=&#8220;initial&#8220; background_position=&#8220;top_left&#8220; background_repeat=&#8220;repeat&#8220; global_colors_info=&#8220;{}&#8220;][et_pb_column type=&#8220;4_4&#8243; _builder_version=&#8220;4.16&#8243; custom_padding=&#8220;|||&#8220; global_colors_info=&#8220;{}&#8220; custom_padding__hover=&#8220;|||&#8220;][et_pb_text admin_label=&#8220;Titre&#8220; _builder_version=&#8220;4.21.0&#8243; background_size=&#8220;initial&#8220; background_position=&#8220;top_left&#8220; background_repeat=&#8220;repeat&#8220; custom_margin=&#8220;||50px||false|false&#8220; global_colors_info=&#8220;{}&#8220;]<\/p>\n<h1>Datenschutzrichtlinie<\/h1>\n<p>[\/et_pb_text][et_pb_text admin_label=&#8220;INTRODUCTION&#8220; _builder_version=&#8220;4.22.2&#8243; background_size=&#8220;initial&#8220; background_position=&#8220;top_left&#8220; background_repeat=&#8220;repeat&#8220; custom_margin=&#8220;||50px||false|false&#8220; hover_enabled=&#8220;0&#8243; global_colors_info=&#8220;{}&#8220; sticky_enabled=&#8220;0&#8243;]<\/p>\n<h2>1. EINLEITUNG<\/h2>\n<p>Die Nexus Anw\u00e4lte AG legt gro\u00dfen Wert auf den Schutz Ihrer Privatsph\u00e4re. Diese Datenschutzrichtlinie (<strong>die Datenschutzrichtlinie<\/strong>) zeigt unser Engagement f\u00fcr die Wahrung Ihrer Privatsph\u00e4re und den Schutz Ihrer pers\u00f6nlichen Daten (<strong>die Personenbezogenen Daten<\/strong>), wenn Sie unsere Website nutzen oder mit uns kommunizieren.<\/p>\n<p>Durch den Zugriff auf unsere Website und\/oder die Kommunikation mit uns \u00fcber das Kontaktformular auf unserer Website, per E-Mail oder auf andere Weise erkl\u00e4ren Sie sich mit dieser Datenschutzrichtlinie einverstanden. Falls Sie Teile oder die gesamte Datenschutzrichtlinie nicht akzeptieren, sind Sie verpflichtet, uns dar\u00fcber zu informieren und die Nutzung unserer Website einzustellen. In diesem Fall sind wir nicht mehr in der Lage, Ihnen rechtliche Dienstleistungen und\/oder andere Dienstleistungen anzubieten.<\/p>\n<p>[\/et_pb_text][et_pb_text admin_label=&#8220;PERSONAL DATA WE PROCESS&#8220; _builder_version=&#8220;4.22.2&#8243; background_size=&#8220;initial&#8220; background_position=&#8220;top_left&#8220; background_repeat=&#8220;repeat&#8220; custom_margin=&#8220;||50px||false|false&#8220; hover_enabled=&#8220;0&#8243; global_colors_info=&#8220;{}&#8220; sticky_enabled=&#8220;0&#8243;]<\/p>\n<h2>2. VERARBEITETE PERSONENBEZOGENE DATEN<\/h2>\n<p>Wir verarbeiten die von Ihnen bereitgestellten Personenbezogenen Daten, wenn Sie mit uns kommunizieren (z. B. Ihren Namen, Ihre E-Mail- und Postanschrift, Ihre Telefonnummer, Ihren Beruf, Ihre beruflichen T\u00e4tigkeiten und den Inhalt Ihrer Kommunikation). Die Personenbezogenen Daten k\u00f6nnen Sie betreffen, sowie einige Ihrer Mitarbeiter und\/oder Vertreter. In einigen F\u00e4llen werden die Personenbezogenen Daten durch Informationen aus \u00f6ffentlichen Quellen erg\u00e4nzt, wie z. B. Online-Medien oder die Website Ihres Arbeitgebers, um Ihre berufliche Situation zu best\u00e4tigen oder zus\u00e4tzliche Informationen zu erhalten, die es uns erm\u00f6glichen, effektiv mit Ihnen zu kommunizieren.<\/p>\n<p>[\/et_pb_text][et_pb_text admin_label=&#8220;PURPOSE OF PROCESS&#8220; _builder_version=&#8220;4.22.2&#8243; background_size=&#8220;initial&#8220; background_position=&#8220;top_left&#8220; background_repeat=&#8220;repeat&#8220; custom_margin=&#8220;||50px||false|false&#8220; hover_enabled=&#8220;0&#8243; global_colors_info=&#8220;{}&#8220; sticky_enabled=&#8220;0&#8243;]<\/p>\n<h2>3. ZWECK DER DATENVERARBEITUNG<\/h2>\n<p>Wir verwenden die Personenbezogenen Daten zur Verwaltung unserer Beziehung zu Ihnen sowie zur Kommunikation mit Ihnen, einschlie\u00dflich dem Versand von Newslettern und Einladungen zu Veranstaltungen, Schulungsprogrammen oder Konferenzen, zur Pflege unserer Kontaktliste und\/oder zur Bereitstellung weiterer Informationen, die Sie von uns anfordern k\u00f6nnten.<\/p>\n<p>Die Personenbezogenen Daten werden nur von uns und unseren IT-Dienstleistern verwendet (die verpflichtet sind, Ihre personenbezogenen Daten in demselben Ma\u00dfe zu sch\u00fctzen wie wir). Wir verkaufen Ihre Personenbezogenen Daten nicht und \u00fcbertragen sie nicht an Dritte (auf irgendeine Weise), es sei denn, Sie haben zuvor Ihre ausdr\u00fcckliche Zustimmung gegeben oder wir sind gesetzlich dazu verpflichtet oder dies ist im Einklang mit geltenden Gesetzen und Vorschriften erforderlich.<\/p>\n<p>Wir erstellen keine Profile auf Grundlage Ihrer Personenbezogenen Daten und unterziehen sie keinen automatisierten Entscheidungsprozessen. Die Personenbezogenen Daten in Bezug auf Ihre Kommunikation mit uns werden so lange aufbewahrt, wie Sie in gesch\u00e4ftlicher Beziehung zu uns stehen, vorbehaltlich etwaiger gesetzlicher oder beh\u00f6rdlicher Aufbewahrungspflichten.<\/p>\n<p>[\/et_pb_text][et_pb_text admin_label=&#8220;COOKIES&#8220; _builder_version=&#8220;4.22.2&#8243; background_size=&#8220;initial&#8220; background_position=&#8220;top_left&#8220; background_repeat=&#8220;repeat&#8220; custom_margin=&#8220;||50px||false|false&#8220; hover_enabled=&#8220;0&#8243; global_colors_info=&#8220;{}&#8220; sticky_enabled=&#8220;0&#8243;]<\/p>\n<h2>4. COOKIES<\/h2>\n<p>Cookies sind kleine Textdateien, die auf Ihr Ger\u00e4t heruntergeladen werden, wenn Sie die Website von Nexus Anw\u00e4lte AG besuchen oder unsere Marketing-E-Mails \u00f6ffnen (wie Newsletter oder Einladungen zu Veranstaltungen oder Webinaren). Cookies (einschlie\u00dflich Cookies von Drittanbietern wie Tracking-Technologien von Google Analytics) werden insbesondere verwendet, um die Website zu verbessern oder f\u00fcr allgemeine Marketingzwecke, indem sie Informationen \u00fcber Interaktionen mit unserer Website bereitstellen (wie Anzahl der Sitzungen und Verweildauer auf der Website); statistische Informationen \u00fcber Interaktionen mit unserer Website (einschlie\u00dflich Verweise auf die Website, Popularit\u00e4t bestimmter Inhalte, Zugriffe auf Benutzerkategorien, deren M\u00e4rkte, Regionen, Sprachen, demografische Daten, Browser- und Ger\u00e4tetypen und \u00e4hnliche Informationen); oder statistische Informationen \u00fcber Interaktionen mit unseren Marketing-E-Mails (zum Beispiel, ob sie ge\u00f6ffnet oder weitergeleitet wurden oder ob auf Links geklickt wurde).<\/p>\n<p>Drittanbieter-Dienstleister wie Google k\u00f6nnen Ihre Nutzung unserer Website verfolgen, diese Informationen mit Informationen von anderen von Ihnen besuchten Websites (die sie ebenfalls verfolgen) kombinieren und diese kombinierten Informationen f\u00fcr ihre eigenen Zwecke verwenden. Wenn Sie sich bei diesen Dienstleistern registriert haben, k\u00f6nnen sie Sie m\u00f6glicherweise identifizieren. In diesem Fall unterliegt die Verarbeitung Ihrer Personenbezogenen Daten ihren Datenschutzbestimmungen (Sie k\u00f6nnen <a target=\"_blank\" href=\"https:\/\/policies.google.com\/technologies\/partner-sites\" rel=\"noopener nofollow\">hier klicken<\/a>, um zu erfahren, wie Google Ihre Personenbezogenen Daten bei der Nutzung unserer Website verwendet).<br \/>Sie k\u00f6nnen die Einstellungen Ihres Browsers \u00e4ndern, um Cookies zu l\u00f6schen und zu blockieren (oder um Google Analytics zu deaktivieren, k\u00f6nnen Sie das Browser-Add-on von Google <a target=\"_blank\" href=\"https:\/\/tools.google.com\/dlpage\/gaoptout\" rel=\"noopener nofollow\">hier herunterladen<\/a> und installieren). Wenn Sie die Website von Nexus Anw\u00e4lte AG weiterhin nutzen, ohne Ihre Einstellungen zu \u00e4ndern (oder das Add-on zu verwenden, falls zutreffend), erkl\u00e4ren Sie sich damit einverstanden, dass wir und unsere Drittanbieter-Dienstleister Cookies verwenden.<\/p>\n<p>[\/et_pb_text][et_pb_text admin_label=&#8220;OUR BASIS FOR&#8230;&#8220; _builder_version=&#8220;4.22.2&#8243; background_size=&#8220;initial&#8220; background_position=&#8220;top_left&#8220; background_repeat=&#8220;repeat&#8220; custom_margin=&#8220;||50px||false|false&#8220; hover_enabled=&#8220;0&#8243; global_colors_info=&#8220;{}&#8220; sticky_enabled=&#8220;0&#8243;]<\/p>\n<h2>5. RECHTSGRUNDLAGEN F\u00dcR DIE DATENVERARBEITUNG<\/h2>\n<p>Bei der Verarbeitung Ihrer Personenbezogenen Daten f\u00fcr die oben beschriebenen Zwecke st\u00fctzen wir uns auf Ihre Zustimmung zu dieser Datenschutzrichtlinie, auf unser berechtigtes Interesse an der Kommunikation mit Ihnen als Gesch\u00e4ftspartner, sei es in Bezug auf unsere Aktivit\u00e4ten, Veranstaltungen und\/oder die Erf\u00fcllung eines Vertrags oder auf andere gesetzlich zul\u00e4ssige Verarbeitungsgr\u00fcnde Ihrer Personenbezogenen Daten gem\u00e4\u00df den geltenden Gesetzen und Vorschriften.<\/p>\n<p>[\/et_pb_text][et_pb_text admin_label=&#8220;6. PROTECTING YOUR PERSONAL DATA&#8220; _builder_version=&#8220;4.22.2&#8243; background_size=&#8220;initial&#8220; background_position=&#8220;top_left&#8220; background_repeat=&#8220;repeat&#8220; custom_margin=&#8220;||50px||false|false&#8220; global_colors_info=&#8220;{}&#8220;]<\/p>\n<h2>6. SCHUTZ IHRER PERSONENBEZOGENEN DATEN<\/h2>\n<p>Wir beschr\u00e4nken die Nutzung und den Zugriff auf Ihre Personenbezogenen Daten auf diejenigen Personen, die sie unbedingt kennen m\u00fcssen, um Ihnen den Zugang zu unserer Website zu erm\u00f6glichen und\/oder um mit Ihnen zu kommunizieren. Wir unterhalten angemessene technische und organisatorische Ma\u00dfnahmen, um die Vertraulichkeit und Integrit\u00e4t Ihrer Personenbezogenen Daten zu gew\u00e4hrleisten. Wir \u00fcberpr\u00fcfen regelm\u00e4\u00dfig unsere Sicherheitsrichtlinien und -verfahren, um sicherzustellen, dass unsere Systeme sicher und gesch\u00fctzt sind, und wir achten auf die Einhaltung aller geltenden Datenschutz- und Sicherheitsgesetze.[\/et_pb_text][et_pb_text admin_label=&#8220;7.YOUR CHOICES AND RIGHTS&#8220; _builder_version=&#8220;4.22.2&#8243; background_size=&#8220;initial&#8220; background_position=&#8220;top_left&#8220; background_repeat=&#8220;repeat&#8220; custom_margin=&#8220;||50px||false|false&#8220; global_colors_info=&#8220;{}&#8220;]<\/p>\n<h2>7. IHRE OPTIONEN UND RECHTE<\/h2>\n<p>Ihre Anfragen und Kommentare sind willkommen. Sie haben das Recht, \u00fcber jede Verarbeitung Ihrer Personenbezogenen Daten informiert zu werden, um deren Rechtm\u00e4\u00dfigkeit zu \u00fcberpr\u00fcfen. Wenn Sie von unrichtigen oder unvollst\u00e4ndigen Personenbezogenen Daten betroffen sind, k\u00f6nnen Sie deren Berichtigung oder Erg\u00e4nzung verlangen. Soweit es das anwendbare Recht erlaubt, k\u00f6nnen Sie die L\u00f6schung Ihrer Personenbezogenen Daten oder eine vor\u00fcbergehende Einschr\u00e4nkung der Verarbeitung in bestimmten F\u00e4llen beantragen.[\/et_pb_text][et_pb_text admin_label=&#8220;8. CONTACTS&#8220; _builder_version=&#8220;4.22.2&#8243; background_size=&#8220;initial&#8220; background_position=&#8220;top_left&#8220; background_repeat=&#8220;repeat&#8220; custom_margin=&#8220;||50px||false|false&#8220; global_colors_info=&#8220;{}&#8220;]<\/p>\n<h2>8. CONTAKT<\/h2>\n<p>Wenn Sie Fragen haben oder mit einem Teil der Verarbeitung Ihrer Personenbezogenen Daten nicht zufrieden sind, z\u00f6gern Sie nicht, uns unter der E-Mail-Adresse contact@nexus-avocats.ch oder den auf unserer Website angegebenen Adressen zu kontaktieren.[\/et_pb_text][\/et_pb_column][\/et_pb_row][\/et_pb_section]<\/p>\n","protected":false},"excerpt":{"rendered":"<p>Datenschutzrichtlinie1. EINLEITUNG Die Nexus Anw\u00e4lte AG legt gro\u00dfen Wert auf den Schutz Ihrer Privatsph\u00e4re. Diese Datenschutzrichtlinie (die Datenschutzrichtlinie) zeigt unser Engagement f\u00fcr die Wahrung Ihrer Privatsph\u00e4re und den Schutz Ihrer pers\u00f6nlichen Daten (die Personenbezogenen Daten), wenn Sie unsere Website nutzen oder mit uns kommunizieren. Durch den Zugriff auf unsere Website und\/oder die Kommunikation mit uns [&hellip;]<\/p>\n","protected":false},"author":1,"featured_media":0,"parent":0,"menu_order":5,"comment_status":"closed","ping_status":"closed","template":"","meta":{"_acf_changed":false,"_et_pb_use_builder":"on","_et_pb_old_content":"","_et_gb_content_width":"","inline_featured_image":false,"footnotes":""},"class_list":["post-2105","page","type-page","status-publish","hentry"],"acf":[],"_links":{"self":[{"href":"https:\/\/nexus-avocats.ch\/de\/wp-json\/wp\/v2\/pages\/2105","targetHints":{"allow":["GET"]}}],"collection":[{"href":"https:\/\/nexus-avocats.ch\/de\/wp-json\/wp\/v2\/pages"}],"about":[{"href":"https:\/\/nexus-avocats.ch\/de\/wp-json\/wp\/v2\/types\/page"}],"author":[{"embeddable":true,"href":"https:\/\/nexus-avocats.ch\/de\/wp-json\/wp\/v2\/users\/1"}],"replies":[{"embeddable":true,"href":"https:\/\/nexus-avocats.ch\/de\/wp-json\/wp\/v2\/comments?post=2105"}],"version-history":[{"count":0,"href":"https:\/\/nexus-avocats.ch\/de\/wp-json\/wp\/v2\/pages\/2105\/revisions"}],"wp:attachment":[{"href":"https:\/\/nexus-avocats.ch\/de\/wp-json\/wp\/v2\/media?parent=2105"}],"curies":[{"name":"wp","href":"https:\/\/api.w.org\/{rel}","templated":true}]}}