{"id":1189,"date":"2022-08-02T18:16:29","date_gmt":"2022-08-02T16:16:29","guid":{"rendered":"https:\/\/nexus-avocats.ch\/contact\/"},"modified":"2026-01-14T17:29:39","modified_gmt":"2026-01-14T16:29:39","slug":"contact","status":"publish","type":"page","link":"https:\/\/nexus-avocats.ch\/en\/contact\/","title":{"rendered":"Contact"},"content":{"rendered":"<p>[et_pb_section fb_built=&#8221;1&#8243; _builder_version=&#8221;4.17.6&#8243; _module_preset=&#8221;default&#8221; background_color=&#8221;#C6D7F3&#8243; global_colors_info=&#8221;{}&#8221;][et_pb_row make_equal=&#8221;on&#8221; _builder_version=&#8221;4.17.6&#8243; _module_preset=&#8221;default&#8221; custom_margin=&#8221;50px||||false|false&#8221; global_colors_info=&#8221;{}&#8221;][et_pb_column type=&#8221;4_4&#8243; _builder_version=&#8221;4.17.6&#8243; _module_preset=&#8221;default&#8221; custom_css_main_element=&#8221;display:flex;||flex-direction:column;||justify-content:center;||&#8221; global_colors_info=&#8221;{}&#8221;][et_pb_text _builder_version=&#8221;4.17.6&#8243; _module_preset=&#8221;_initial&#8221; text_font=&#8221;Recoleta||||||||&#8221; header_font=&#8221;Recoleta||||||||&#8221; header_font_size=&#8221;60px&#8221; header_line_height=&#8221;1.3em&#8221; header_font_size_tablet=&#8221;60px&#8221; header_font_size_phone=&#8221;45px&#8221; header_font_size_last_edited=&#8221;on|phone&#8221; global_colors_info=&#8221;{}&#8221;]<\/p>\n<h1>A <span>single<\/span> point of contact, whatever your problem may be.<\/h1>\n<p>[\/et_pb_text][\/et_pb_column][\/et_pb_row][\/et_pb_section][et_pb_section fb_built=&#8221;1&#8243; _builder_version=&#8221;4.17.6&#8243; _module_preset=&#8221;default&#8221; background_color=&#8221;#C6D7F3&#8243; global_colors_info=&#8221;{}&#8221;][et_pb_row column_structure=&#8221;3_5,2_5&#8243; use_custom_gutter=&#8221;on&#8221; gutter_width=&#8221;4&#8243; _builder_version=&#8221;4.17.6&#8243; _module_preset=&#8221;default&#8221; global_colors_info=&#8221;{}&#8221;][et_pb_column type=&#8221;3_5&#8243; _builder_version=&#8221;4.17.6&#8243; _module_preset=&#8221;default&#8221; global_colors_info=&#8221;{}&#8221;][et_pb_code _builder_version=&#8221;4.17.6&#8243; _module_preset=&#8221;default&#8221; animation_style=&#8221;fade&#8221; global_colors_info=&#8221;{}&#8221;]<div class=\"forminator-ui forminator-custom-form forminator-custom-form-865   forminator_ajax\" data-forminator-render=\"0\" data-form=\"forminator-module-865\" data-uid=\"69d08a6e2debb\"><br\/><\/div><form\n\t\t\t\tid=\"forminator-module-865\"\n\t\t\t\tclass=\"forminator-ui forminator-custom-form forminator-custom-form-865   forminator_ajax\"\n\t\t\t\tmethod=\"post\"\n\t\t\t\tdata-forminator-render=\"0\"\n\t\t\t\tdata-form-id=\"865\"\n\t\t\t\t data-color-option=\"default\" data-design=\"none\" data-grid=\"open\" style=\"display: none;\"\n\t\t\t\tdata-uid=\"69d08a6e2debb\"\n\t\t\t><div role=\"alert\" aria-live=\"polite\" class=\"forminator-response-message forminator-error\" aria-hidden=\"true\"><\/div><div class=\"forminator-row\"><div id=\"name-1\" class=\"forminator-field-name forminator-col forminator-col-12 \"><div class=\"forminator-field\"><label for=\"forminator-field-name-1_69d08a6e2debb\" id=\"forminator-field-name-1_69d08a6e2debb-label\" class=\"forminator-label\">nom <span class=\"forminator-required\">*<\/span><\/label><input type=\"text\" name=\"name-1\" value=\"\" placeholder=\"Nom complet*\" id=\"forminator-field-name-1_69d08a6e2debb\" class=\"forminator-input forminator-name--field\" aria-required=\"true\" autocomplete=\"name\" \/><\/div><\/div><\/div><div class=\"forminator-row\"><div id=\"text-1\" class=\"forminator-field-text forminator-col forminator-col-12 \"><div class=\"forminator-field\"><label for=\"forminator-field-text-1_69d08a6e2debb\" id=\"forminator-field-text-1_69d08a6e2debb-label\" class=\"forminator-label\">societe<\/label><input type=\"text\" name=\"text-1\" value=\"\" placeholder=\"Soci\u00e9t\u00e9\" id=\"forminator-field-text-1_69d08a6e2debb\" class=\"forminator-input forminator-name--field\" data-required=\"\" \/><\/div><\/div><\/div><div class=\"forminator-row\"><div id=\"email-1\" class=\"forminator-field-email forminator-col forminator-col-12 \"><div class=\"forminator-field\"><label for=\"forminator-field-email-1_69d08a6e2debb\" id=\"forminator-field-email-1_69d08a6e2debb-label\" class=\"forminator-label\">email <span class=\"forminator-required\">*<\/span><\/label><input type=\"email\" name=\"email-1\" value=\"\" placeholder=\"Adresse e-mail *\" id=\"forminator-field-email-1_69d08a6e2debb\" class=\"forminator-input forminator-email--field\" data-required=\"true\" aria-required=\"true\" autocomplete=\"email\" \/><\/div><\/div><\/div><div class=\"forminator-row\"><div id=\"phone-1\" class=\"forminator-field-phone forminator-col forminator-col-12 \"><div class=\"forminator-field\"><label for=\"forminator-field-phone-1_69d08a6e2debb\" id=\"forminator-field-phone-1_69d08a6e2debb-label\" class=\"forminator-label\">telephone<\/label><input type=\"text\" name=\"phone-1\" value=\"\" placeholder=\"Num\u00e9ro de t\u00e9l\u00e9phone\" id=\"forminator-field-phone-1_69d08a6e2debb\" class=\"forminator-input forminator-field--phone\" data-required=\"\" aria-required=\"false\" autocomplete=\"off\" data-national_mode=\"disabled\" data-country=\"ch\" data-validation=\"international\" \/><\/div><\/div><\/div><div class=\"forminator-row\"><div id=\"text-2\" class=\"forminator-field-text forminator-col forminator-col-12 \"><div class=\"forminator-field\"><label for=\"forminator-field-text-2_69d08a6e2debb\" id=\"forminator-field-text-2_69d08a6e2debb-label\" class=\"forminator-label\">sujet <span class=\"forminator-required\">*<\/span><\/label><input type=\"text\" name=\"text-2\" value=\"\" placeholder=\"L\u2019objet de votre demande\" id=\"forminator-field-text-2_69d08a6e2debb\" class=\"forminator-input forminator-name--field\" data-required=\"1\" \/><\/div><\/div><\/div><div class=\"forminator-row\"><div id=\"textarea-1\" class=\"forminator-field-textarea forminator-col forminator-col-12 \"><div class=\"forminator-field\"><label for=\"forminator-field-textarea-1_69d08a6e2debb\" id=\"forminator-field-textarea-1_69d08a6e2debb-label\" class=\"forminator-label\">message <span class=\"forminator-required\">*<\/span><\/label><textarea name=\"textarea-1\" placeholder=\"Votre message\" id=\"forminator-field-textarea-1_69d08a6e2debb\" class=\"forminator-textarea\" rows=\"6\" style=\"min-height:250px;\" maxlength=\"500\" ><\/textarea><span id=\"forminator-field-textarea-1_69d08a6e2debb-description\" class=\"forminator-description\"><span data-limit=\"500\" data-type=\"characters\" data-editor=\"\">0 \/ 500<\/span><\/span><\/div><\/div><\/div><div class=\"forminator-row\" style=\"margin: 0;\"><div id=\"captcha-1\" class=\"forminator-field-captcha  forminator-col-12 \"><div class=\"forminator-captcha-left forminator-g-recaptcha recaptcha-invisible\" data-theme=\"light\" data-badge=\"bottomright\" data-sitekey=\"6Lc3DN0hAAAAAETZ_eC7cUo9Q5XYGs560QVPkgoO\" data-size=\"invisible\"><\/div> <\/div><\/div><input type=\"hidden\" name=\"referer_url\" value=\"\" \/><div class=\"forminator-row forminator-row-last\"><div class=\"forminator-col\"><div class=\"forminator-field\"><button class=\"forminator-button forminator-button-submit\">Envoyer le message<\/button><\/div><\/div><\/div><input type=\"hidden\" id=\"forminator_nonce\" name=\"forminator_nonce\" value=\"165121637d\" \/><input type=\"hidden\" name=\"_wp_http_referer\" value=\"\/en\/wp-json\/wp\/v2\/pages\/1189\" \/><input type=\"hidden\" name=\"form_id\" value=\"865\"><input type=\"hidden\" name=\"page_id\" value=\"1189\"><input type=\"hidden\" name=\"form_type\" value=\"default\"><input type=\"hidden\" name=\"current_url\" value=\"https:\/\/nexus-avocats.ch\/en\/contact\/\"><input type=\"hidden\" name=\"render_id\" value=\"0\"><input type=\"hidden\" name=\"action\" value=\"forminator_submit_form_custom-forms\"><\/form>[\/et_pb_code][\/et_pb_column][et_pb_column type=&#8221;2_5&#8243; _builder_version=&#8221;4.17.6&#8243; _module_preset=&#8221;default&#8221; global_colors_info=&#8221;{}&#8221;][et_pb_text module_class=&#8221;orange&#8221; _builder_version=&#8221;4.27.5&#8243; _module_preset=&#8221;default&#8221; text_font_size=&#8221;20px&#8221; text_line_height=&#8221;35px&#8221; link_font=&#8221;||||||||&#8221; link_font_size=&#8221;15px&#8221; header_2_font=&#8221;|800|||||||&#8221; header_2_font_size=&#8221;20px&#8221; hover_enabled=&#8221;0&#8243; global_colors_info=&#8221;{}&#8221; sticky_enabled=&#8221;0&#8243;]<\/p>\n<h2>NEXUS Attorneys-at-law Ltd<\/h2>\n<p><strong>Bureau de Vevey<\/strong><br \/>Rue des Communaux 14<br \/>1800 Vevey<br \/><span style=\"font-size: small;\">(Mailing address)<\/span><\/p>\n<p><strong>Bureau de Lausanne<\/strong><br \/>Place Chauderon 24<br \/>1003 Lausanne<\/p>\n<p>+41 21 922 21 52<\/p>\n<hr>\n<p> <a href=\"https:\/\/www.linkedin.com\/company\/nexus-avocats\/\" target=\"_blank\" rel=\"noopener nofollow\">LinkedIn<\/a>    <a href=\"https:\/\/www.facebook.com\/avocats.nexus\" target=\"_blank\" rel=\"noopener nofollow\">Facebook<\/a>   <a href=\"https:\/\/www.instagram.com\/nexus_avocats\/\" target=\"_blank\" rel=\"noopener nofollow\">Instagram<\/a><\/p>\n<p>[\/et_pb_text][\/et_pb_column][\/et_pb_row][\/et_pb_section]<\/p>\n","protected":false},"excerpt":{"rendered":"<p>A single point of contact, whatever your problem may be.<div class=\"forminator-ui forminator-custom-form forminator-custom-form-865   forminator_ajax\" data-forminator-render=\"1\" data-form=\"forminator-module-865\" data-uid=\"69d08a6e3e672\"><br\/><\/div><form\n\t\t\t\tid=\"forminator-module-865\"\n\t\t\t\tclass=\"forminator-ui forminator-custom-form forminator-custom-form-865   forminator_ajax\"\n\t\t\t\tmethod=\"post\"\n\t\t\t\tdata-forminator-render=\"1\"\n\t\t\t\tdata-form-id=\"865\"\n\t\t\t\t data-color-option=\"default\" data-design=\"none\" data-grid=\"open\" style=\"display: none;\"\n\t\t\t\tdata-uid=\"69d08a6e3e672\"\n\t\t\t><div role=\"alert\" aria-live=\"polite\" class=\"forminator-response-message forminator-error\" aria-hidden=\"true\"><\/div><div class=\"forminator-row\"><div id=\"name-1\" class=\"forminator-field-name forminator-col forminator-col-12 \"><div class=\"forminator-field\"><label for=\"forminator-field-name-1_69d08a6e3e672\" id=\"forminator-field-name-1_69d08a6e3e672-label\" class=\"forminator-label\">nom <span class=\"forminator-required\">*<\/span><\/label><input type=\"text\" name=\"name-1\" value=\"\" placeholder=\"Nom complet*\" id=\"forminator-field-name-1_69d08a6e3e672\" class=\"forminator-input forminator-name--field\" aria-required=\"true\" autocomplete=\"name\" \/><\/div><\/div><\/div><div class=\"forminator-row\"><div id=\"text-1\" class=\"forminator-field-text forminator-col forminator-col-12 \"><div class=\"forminator-field\"><label for=\"forminator-field-text-1_69d08a6e3e672\" id=\"forminator-field-text-1_69d08a6e3e672-label\" class=\"forminator-label\">societe<\/label><input type=\"text\" name=\"text-1\" value=\"\" placeholder=\"Soci\u00e9t\u00e9\" id=\"forminator-field-text-1_69d08a6e3e672\" class=\"forminator-input forminator-name--field\" data-required=\"\" \/><\/div><\/div><\/div><div class=\"forminator-row\"><div id=\"email-1\" class=\"forminator-field-email forminator-col forminator-col-12 \"><div class=\"forminator-field\"><label for=\"forminator-field-email-1_69d08a6e3e672\" id=\"forminator-field-email-1_69d08a6e3e672-label\" class=\"forminator-label\">email <span class=\"forminator-required\">*<\/span><\/label><input type=\"email\" name=\"email-1\" value=\"\" placeholder=\"Adresse e-mail *\" id=\"forminator-field-email-1_69d08a6e3e672\" class=\"forminator-input forminator-email--field\" data-required=\"true\" aria-required=\"true\" autocomplete=\"email\" \/><\/div><\/div><\/div><div class=\"forminator-row\"><div id=\"phone-1\" class=\"forminator-field-phone forminator-col forminator-col-12 \"><div class=\"forminator-field\"><label for=\"forminator-field-phone-1_69d08a6e3e672\" id=\"forminator-field-phone-1_69d08a6e3e672-label\" class=\"forminator-label\">telephone<\/label><input type=\"text\" name=\"phone-1\" value=\"\" placeholder=\"Num\u00e9ro de t\u00e9l\u00e9phone\" id=\"forminator-field-phone-1_69d08a6e3e672\" class=\"forminator-input forminator-field--phone\" data-required=\"\" aria-required=\"false\" autocomplete=\"off\" data-national_mode=\"disabled\" data-country=\"ch\" data-validation=\"international\" \/><\/div><\/div><\/div><div class=\"forminator-row\"><div id=\"text-2\" class=\"forminator-field-text forminator-col forminator-col-12 \"><div class=\"forminator-field\"><label for=\"forminator-field-text-2_69d08a6e3e672\" id=\"forminator-field-text-2_69d08a6e3e672-label\" class=\"forminator-label\">sujet <span class=\"forminator-required\">*<\/span><\/label><input type=\"text\" name=\"text-2\" value=\"\" placeholder=\"L\u2019objet de votre demande\" id=\"forminator-field-text-2_69d08a6e3e672\" class=\"forminator-input forminator-name--field\" data-required=\"1\" \/><\/div><\/div><\/div><div class=\"forminator-row\"><div id=\"textarea-1\" class=\"forminator-field-textarea forminator-col forminator-col-12 \"><div class=\"forminator-field\"><label for=\"forminator-field-textarea-1_69d08a6e3e672\" id=\"forminator-field-textarea-1_69d08a6e3e672-label\" class=\"forminator-label\">message <span class=\"forminator-required\">*<\/span><\/label><textarea name=\"textarea-1\" placeholder=\"Votre message\" id=\"forminator-field-textarea-1_69d08a6e3e672\" class=\"forminator-textarea\" rows=\"6\" style=\"min-height:250px;\" maxlength=\"500\" ><\/textarea><span id=\"forminator-field-textarea-1_69d08a6e3e672-description\" class=\"forminator-description\"><span data-limit=\"500\" data-type=\"characters\" data-editor=\"\">0 \/ 500<\/span><\/span><\/div><\/div><\/div><div class=\"forminator-row\" style=\"margin: 0;\"><div id=\"captcha-1\" class=\"forminator-field-captcha  forminator-col-12 \"><div class=\"forminator-captcha-left forminator-g-recaptcha recaptcha-invisible\" data-theme=\"light\" data-badge=\"bottomright\" data-sitekey=\"6Lc3DN0hAAAAAETZ_eC7cUo9Q5XYGs560QVPkgoO\" data-size=\"invisible\"><\/div> <\/div><\/div><input type=\"hidden\" name=\"referer_url\" value=\"\" \/><div class=\"forminator-row forminator-row-last\"><div class=\"forminator-col\"><div class=\"forminator-field\"><button class=\"forminator-button forminator-button-submit\">Envoyer le message<\/button><\/div><\/div><\/div><input type=\"hidden\" id=\"forminator_nonce\" name=\"forminator_nonce\" value=\"165121637d\" \/><input type=\"hidden\" name=\"_wp_http_referer\" value=\"\/en\/wp-json\/wp\/v2\/pages\/1189\" \/><input type=\"hidden\" name=\"form_id\" value=\"865\"><input type=\"hidden\" name=\"page_id\" value=\"1189\"><input type=\"hidden\" name=\"form_type\" value=\"default\"><input type=\"hidden\" name=\"current_url\" value=\"https:\/\/nexus-avocats.ch\/en\/contact\/\"><input type=\"hidden\" name=\"render_id\" value=\"1\"><input type=\"hidden\" name=\"action\" value=\"forminator_submit_form_custom-forms\"><\/form>NEXUS Attorneys-at-law Ltd Bureau de VeveyRue des Communaux 141800 Vevey(Mailing address) Bureau de LausannePlace Chauderon 241003 Lausanne +41 21 922 21 52 LinkedIn Facebook Instagram<\/p>\n","protected":false},"author":1,"featured_media":0,"parent":0,"menu_order":4,"comment_status":"closed","ping_status":"closed","template":"","meta":{"_acf_changed":false,"_et_pb_use_builder":"on","_et_pb_old_content":"","_et_gb_content_width":"","inline_featured_image":false,"footnotes":""},"class_list":["post-1189","page","type-page","status-publish","hentry"],"acf":[],"_links":{"self":[{"href":"https:\/\/nexus-avocats.ch\/en\/wp-json\/wp\/v2\/pages\/1189","targetHints":{"allow":["GET"]}}],"collection":[{"href":"https:\/\/nexus-avocats.ch\/en\/wp-json\/wp\/v2\/pages"}],"about":[{"href":"https:\/\/nexus-avocats.ch\/en\/wp-json\/wp\/v2\/types\/page"}],"author":[{"embeddable":true,"href":"https:\/\/nexus-avocats.ch\/en\/wp-json\/wp\/v2\/users\/1"}],"replies":[{"embeddable":true,"href":"https:\/\/nexus-avocats.ch\/en\/wp-json\/wp\/v2\/comments?post=1189"}],"version-history":[{"count":3,"href":"https:\/\/nexus-avocats.ch\/en\/wp-json\/wp\/v2\/pages\/1189\/revisions"}],"predecessor-version":[{"id":2737,"href":"https:\/\/nexus-avocats.ch\/en\/wp-json\/wp\/v2\/pages\/1189\/revisions\/2737"}],"wp:attachment":[{"href":"https:\/\/nexus-avocats.ch\/en\/wp-json\/wp\/v2\/media?parent=1189"}],"curies":[{"name":"wp","href":"https:\/\/api.w.org\/{rel}","templated":true}]}}