{"id":1045,"date":"2022-08-02T18:16:29","date_gmt":"2022-08-02T16:16:29","guid":{"rendered":"https:\/\/nexus-avocats.ch\/%d1%81%d0%b2%d1%8f%d0%b6%d0%b8%d1%82%d0%b5%d1%81%d1%8c\/"},"modified":"2026-01-14T17:31:03","modified_gmt":"2026-01-14T16:31:03","slug":"%d1%81%d0%b2%d1%8f%d0%b6%d0%b8%d1%82%d0%b5%d1%81%d1%8c","status":"publish","type":"page","link":"https:\/\/nexus-avocats.ch\/ru\/%d1%81%d0%b2%d1%8f%d0%b6%d0%b8%d1%82%d0%b5%d1%81%d1%8c\/","title":{"rendered":"\u041a\u043e\u043d\u0442\u0430\u043a\u0442"},"content":{"rendered":"<p>[et_pb_section fb_built=&#187;1&#8243; _builder_version=&#187;4.17.6&#8243; _module_preset=&#187;default&#187; background_color=&#187;#C6D7F3&#8243; global_colors_info=&#187;{}&#187;][et_pb_row make_equal=&#187;on&#187; _builder_version=&#187;4.17.6&#8243; _module_preset=&#187;default&#187; custom_margin=&#187;50px||||false|false&#187; global_colors_info=&#187;{}&#187;][et_pb_column type=&#187;4_4&#8243; _builder_version=&#187;4.17.6&#8243; _module_preset=&#187;default&#187; custom_css_main_element=&#187;display:flex;||flex-direction:column;||justify-content:center;||&#187; global_colors_info=&#187;{}&#187;][et_pb_text _builder_version=&#187;4.17.6&#8243; _module_preset=&#187;_initial&#187; text_font=&#187;Recoleta||||||||&#187; header_font=&#187;Recoleta||||||||&#187; header_font_size=&#187;60px&#187; header_line_height=&#187;1.3em&#187; header_font_size_tablet=&#187;60px&#187; header_font_size_phone=&#187;45px&#187; header_font_size_last_edited=&#187;on|phone&#187; global_colors_info=&#187;{}&#187;]<\/p>\n<h1><span>\u0415\u0434\u0438\u043d\u044b\u0439<\/span> \u043a\u043e\u043d\u0442\u0430\u043a\u0442, \u043d\u0435\u0437\u0430\u0432\u0438\u0441\u0438\u043c\u043e \u043e\u0442 \u0432\u0430\u0448\u0435\u0439 \u043f\u0440\u043e\u0431\u043b\u0435\u043c\u044b<\/h1>\n<p>[\/et_pb_text][\/et_pb_column][\/et_pb_row][\/et_pb_section][et_pb_section fb_built=&#187;1&#8243; _builder_version=&#187;4.17.6&#8243; _module_preset=&#187;default&#187; background_color=&#187;#C6D7F3&#8243; global_colors_info=&#187;{}&#187;][et_pb_row column_structure=&#187;3_5,2_5&#8243; use_custom_gutter=&#187;on&#187; gutter_width=&#187;4&#8243; _builder_version=&#187;4.17.6&#8243; _module_preset=&#187;default&#187; global_colors_info=&#187;{}&#187;][et_pb_column type=&#187;3_5&#8243; _builder_version=&#187;4.17.6&#8243; _module_preset=&#187;default&#187; global_colors_info=&#187;{}&#187;][et_pb_code _builder_version=&#187;4.17.6&#8243; _module_preset=&#187;default&#187; animation_style=&#187;fade&#187; global_colors_info=&#187;{}&#187;]<div class=\"forminator-ui forminator-custom-form forminator-custom-form-865   forminator_ajax\" data-forminator-render=\"0\" data-form=\"forminator-module-865\" data-uid=\"69dd391f04265\"><br\/><\/div><form\n\t\t\t\tid=\"forminator-module-865\"\n\t\t\t\tclass=\"forminator-ui forminator-custom-form forminator-custom-form-865   forminator_ajax\"\n\t\t\t\tmethod=\"post\"\n\t\t\t\tdata-forminator-render=\"0\"\n\t\t\t\tdata-form-id=\"865\"\n\t\t\t\t data-color-option=\"default\" data-design=\"none\" data-grid=\"open\" style=\"display: none;\"\n\t\t\t\tdata-uid=\"69dd391f04265\"\n\t\t\t><div role=\"alert\" aria-live=\"polite\" class=\"forminator-response-message forminator-error\" aria-hidden=\"true\"><\/div><div class=\"forminator-row\"><div id=\"name-1\" class=\"forminator-field-name forminator-col forminator-col-12 \"><div class=\"forminator-field\"><label for=\"forminator-field-name-1_69dd391f04265\" id=\"forminator-field-name-1_69dd391f04265-label\" class=\"forminator-label\">nom <span class=\"forminator-required\">*<\/span><\/label><input type=\"text\" name=\"name-1\" value=\"\" placeholder=\"Nom complet*\" id=\"forminator-field-name-1_69dd391f04265\" class=\"forminator-input forminator-name--field\" aria-required=\"true\" autocomplete=\"name\" \/><\/div><\/div><\/div><div class=\"forminator-row\"><div id=\"text-1\" class=\"forminator-field-text forminator-col forminator-col-12 \"><div class=\"forminator-field\"><label for=\"forminator-field-text-1_69dd391f04265\" id=\"forminator-field-text-1_69dd391f04265-label\" class=\"forminator-label\">societe<\/label><input type=\"text\" name=\"text-1\" value=\"\" placeholder=\"Soci\u00e9t\u00e9\" id=\"forminator-field-text-1_69dd391f04265\" class=\"forminator-input forminator-name--field\" data-required=\"\" \/><\/div><\/div><\/div><div class=\"forminator-row\"><div id=\"email-1\" class=\"forminator-field-email forminator-col forminator-col-12 \"><div class=\"forminator-field\"><label for=\"forminator-field-email-1_69dd391f04265\" id=\"forminator-field-email-1_69dd391f04265-label\" class=\"forminator-label\">email <span class=\"forminator-required\">*<\/span><\/label><input type=\"email\" name=\"email-1\" value=\"\" placeholder=\"Adresse e-mail *\" id=\"forminator-field-email-1_69dd391f04265\" class=\"forminator-input forminator-email--field\" data-required=\"true\" aria-required=\"true\" autocomplete=\"email\" \/><\/div><\/div><\/div><div class=\"forminator-row\"><div id=\"phone-1\" class=\"forminator-field-phone forminator-col forminator-col-12 \"><div class=\"forminator-field\"><label for=\"forminator-field-phone-1_69dd391f04265\" id=\"forminator-field-phone-1_69dd391f04265-label\" class=\"forminator-label\">telephone<\/label><input type=\"text\" name=\"phone-1\" value=\"\" placeholder=\"Num\u00e9ro de t\u00e9l\u00e9phone\" id=\"forminator-field-phone-1_69dd391f04265\" class=\"forminator-input forminator-field--phone\" data-required=\"\" aria-required=\"false\" autocomplete=\"off\" data-national_mode=\"disabled\" data-country=\"ch\" data-validation=\"international\" \/><\/div><\/div><\/div><div class=\"forminator-row\"><div id=\"text-2\" class=\"forminator-field-text forminator-col forminator-col-12 \"><div class=\"forminator-field\"><label for=\"forminator-field-text-2_69dd391f04265\" id=\"forminator-field-text-2_69dd391f04265-label\" class=\"forminator-label\">sujet <span class=\"forminator-required\">*<\/span><\/label><input type=\"text\" name=\"text-2\" value=\"\" placeholder=\"L\u2019objet de votre demande\" id=\"forminator-field-text-2_69dd391f04265\" class=\"forminator-input forminator-name--field\" data-required=\"1\" \/><\/div><\/div><\/div><div class=\"forminator-row\"><div id=\"textarea-1\" class=\"forminator-field-textarea forminator-col forminator-col-12 \"><div class=\"forminator-field\"><label for=\"forminator-field-textarea-1_69dd391f04265\" id=\"forminator-field-textarea-1_69dd391f04265-label\" class=\"forminator-label\">message <span class=\"forminator-required\">*<\/span><\/label><textarea name=\"textarea-1\" placeholder=\"Votre message\" id=\"forminator-field-textarea-1_69dd391f04265\" class=\"forminator-textarea\" rows=\"6\" style=\"min-height:250px;\" maxlength=\"500\" ><\/textarea><span id=\"forminator-field-textarea-1_69dd391f04265-description\" class=\"forminator-description\"><span data-limit=\"500\" data-type=\"characters\" data-editor=\"\">0 \/ 500<\/span><\/span><\/div><\/div><\/div><div class=\"forminator-row\" style=\"margin: 0;\"><div id=\"captcha-1\" class=\"forminator-field-captcha  forminator-col-12 \"><div class=\"forminator-captcha-left forminator-g-recaptcha recaptcha-invisible\" data-theme=\"light\" data-badge=\"bottomright\" data-sitekey=\"6Lc3DN0hAAAAAETZ_eC7cUo9Q5XYGs560QVPkgoO\" data-size=\"invisible\"><\/div> <\/div><\/div><input type=\"hidden\" name=\"referer_url\" value=\"\" \/><div class=\"forminator-row forminator-row-last\"><div class=\"forminator-col\"><div class=\"forminator-field\"><button class=\"forminator-button forminator-button-submit\">Envoyer le message<\/button><\/div><\/div><\/div><input type=\"hidden\" id=\"forminator_nonce\" name=\"forminator_nonce\" value=\"00d61cb320\" \/><input type=\"hidden\" name=\"_wp_http_referer\" value=\"\/ru\/wp-json\/wp\/v2\/pages\/1045\" \/><input type=\"hidden\" name=\"form_id\" value=\"865\"><input type=\"hidden\" name=\"page_id\" value=\"1045\"><input type=\"hidden\" name=\"form_type\" value=\"default\"><input type=\"hidden\" name=\"current_url\" value=\"https:\/\/nexus-avocats.ch\/ru\/%d1%81%d0%b2%d1%8f%d0%b6%d0%b8%d1%82%d0%b5%d1%81%d1%8c\/\"><input type=\"hidden\" name=\"render_id\" value=\"0\"><input type=\"hidden\" name=\"action\" value=\"forminator_submit_form_custom-forms\"><\/form>[\/et_pb_code][\/et_pb_column][et_pb_column type=&#187;2_5&#8243; _builder_version=&#187;4.17.6&#8243; _module_preset=&#187;default&#187; global_colors_info=&#187;{}&#187;][et_pb_text module_class=&#187;orange&#187; _builder_version=&#187;4.27.5&#8243; _module_preset=&#187;default&#187; text_font_size=&#187;20px&#187; text_line_height=&#187;35px&#187; link_font=&#187;||||||||&#187; link_font_size=&#187;15px&#187; header_2_font=&#187;|800|||||||&#187; header_2_font_size=&#187;20px&#187; hover_enabled=&#187;0&#8243; global_colors_info=&#187;{}&#187; sticky_enabled=&#187;0&#8243;]<\/p>\n<h2>NEXUS Avocats SA<\/h2>\n<p><strong>\u041e\u0444\u0438\u0441 \u0432 \u0412\u0435\u0432\u0435<\/strong><br \/>Rue des Communaux 14<br \/>1800 Vevey<br \/><span style=\"font-size: small;\">(\u0430\u0434\u0440\u0435\u0441 \u0434\u043b\u044f \u043a\u043e\u0440\u0440\u0435\u0441\u043f\u043e\u043d\u0434\u0435\u043d\u0446\u0438\u0438)<\/span><\/p>\n<p><strong>\u041e\u0444\u0438\u0441 \u0432 \u041b\u043e\u0437\u0430\u043d\u043d\u0435<\/strong><br \/>Place Chauderon 24<br \/>1003 Lausanne<\/p>\n<p>+41 21 922 21 52<\/p>\n<hr>\n<p> <a href=\"https:\/\/www.linkedin.com\/company\/nexus-avocats\/\" target=\"_blank\" rel=\"noopener nofollow\">LinkedIn<\/a>    <a href=\"https:\/\/www.facebook.com\/avocats.nexus\" target=\"_blank\" rel=\"noopener nofollow\">Facebook<\/a>   <a href=\"https:\/\/www.instagram.com\/nexus_avocats\/\" target=\"_blank\" rel=\"noopener nofollow\">Instagram<\/a><\/p>\n<p>[\/et_pb_text][\/et_pb_column][\/et_pb_row][\/et_pb_section]<\/p>\n","protected":false},"excerpt":{"rendered":"<p>\u0415\u0434\u0438\u043d\u044b\u0439 \u043a\u043e\u043d\u0442\u0430\u043a\u0442, \u043d\u0435\u0437\u0430\u0432\u0438\u0441\u0438\u043c\u043e \u043e\u0442 \u0432\u0430\u0448\u0435\u0439 \u043f\u0440\u043e\u0431\u043b\u0435\u043c\u044b<div class=\"forminator-ui forminator-custom-form forminator-custom-form-865   forminator_ajax\" data-forminator-render=\"1\" data-form=\"forminator-module-865\" data-uid=\"69dd391f1443a\"><br\/><\/div><form\n\t\t\t\tid=\"forminator-module-865\"\n\t\t\t\tclass=\"forminator-ui forminator-custom-form forminator-custom-form-865   forminator_ajax\"\n\t\t\t\tmethod=\"post\"\n\t\t\t\tdata-forminator-render=\"1\"\n\t\t\t\tdata-form-id=\"865\"\n\t\t\t\t data-color-option=\"default\" data-design=\"none\" data-grid=\"open\" style=\"display: none;\"\n\t\t\t\tdata-uid=\"69dd391f1443a\"\n\t\t\t><div role=\"alert\" aria-live=\"polite\" class=\"forminator-response-message forminator-error\" aria-hidden=\"true\"><\/div><div class=\"forminator-row\"><div id=\"name-1\" class=\"forminator-field-name forminator-col forminator-col-12 \"><div class=\"forminator-field\"><label for=\"forminator-field-name-1_69dd391f1443a\" id=\"forminator-field-name-1_69dd391f1443a-label\" class=\"forminator-label\">nom <span class=\"forminator-required\">*<\/span><\/label><input type=\"text\" name=\"name-1\" value=\"\" placeholder=\"Nom complet*\" id=\"forminator-field-name-1_69dd391f1443a\" class=\"forminator-input forminator-name--field\" aria-required=\"true\" autocomplete=\"name\" \/><\/div><\/div><\/div><div class=\"forminator-row\"><div id=\"text-1\" class=\"forminator-field-text forminator-col forminator-col-12 \"><div class=\"forminator-field\"><label for=\"forminator-field-text-1_69dd391f1443a\" id=\"forminator-field-text-1_69dd391f1443a-label\" class=\"forminator-label\">societe<\/label><input type=\"text\" name=\"text-1\" value=\"\" placeholder=\"Soci\u00e9t\u00e9\" id=\"forminator-field-text-1_69dd391f1443a\" class=\"forminator-input forminator-name--field\" data-required=\"\" \/><\/div><\/div><\/div><div class=\"forminator-row\"><div id=\"email-1\" class=\"forminator-field-email forminator-col forminator-col-12 \"><div class=\"forminator-field\"><label for=\"forminator-field-email-1_69dd391f1443a\" id=\"forminator-field-email-1_69dd391f1443a-label\" class=\"forminator-label\">email <span class=\"forminator-required\">*<\/span><\/label><input type=\"email\" name=\"email-1\" value=\"\" placeholder=\"Adresse e-mail *\" id=\"forminator-field-email-1_69dd391f1443a\" class=\"forminator-input forminator-email--field\" data-required=\"true\" aria-required=\"true\" autocomplete=\"email\" \/><\/div><\/div><\/div><div class=\"forminator-row\"><div id=\"phone-1\" class=\"forminator-field-phone forminator-col forminator-col-12 \"><div class=\"forminator-field\"><label for=\"forminator-field-phone-1_69dd391f1443a\" id=\"forminator-field-phone-1_69dd391f1443a-label\" class=\"forminator-label\">telephone<\/label><input type=\"text\" name=\"phone-1\" value=\"\" placeholder=\"Num\u00e9ro de t\u00e9l\u00e9phone\" id=\"forminator-field-phone-1_69dd391f1443a\" class=\"forminator-input forminator-field--phone\" data-required=\"\" aria-required=\"false\" autocomplete=\"off\" data-national_mode=\"disabled\" data-country=\"ch\" data-validation=\"international\" \/><\/div><\/div><\/div><div class=\"forminator-row\"><div id=\"text-2\" class=\"forminator-field-text forminator-col forminator-col-12 \"><div class=\"forminator-field\"><label for=\"forminator-field-text-2_69dd391f1443a\" id=\"forminator-field-text-2_69dd391f1443a-label\" class=\"forminator-label\">sujet <span class=\"forminator-required\">*<\/span><\/label><input type=\"text\" name=\"text-2\" value=\"\" placeholder=\"L\u2019objet de votre demande\" id=\"forminator-field-text-2_69dd391f1443a\" class=\"forminator-input forminator-name--field\" data-required=\"1\" \/><\/div><\/div><\/div><div class=\"forminator-row\"><div id=\"textarea-1\" class=\"forminator-field-textarea forminator-col forminator-col-12 \"><div class=\"forminator-field\"><label for=\"forminator-field-textarea-1_69dd391f1443a\" id=\"forminator-field-textarea-1_69dd391f1443a-label\" class=\"forminator-label\">message <span class=\"forminator-required\">*<\/span><\/label><textarea name=\"textarea-1\" placeholder=\"Votre message\" id=\"forminator-field-textarea-1_69dd391f1443a\" class=\"forminator-textarea\" rows=\"6\" style=\"min-height:250px;\" maxlength=\"500\" ><\/textarea><span id=\"forminator-field-textarea-1_69dd391f1443a-description\" class=\"forminator-description\"><span data-limit=\"500\" data-type=\"characters\" data-editor=\"\">0 \/ 500<\/span><\/span><\/div><\/div><\/div><div class=\"forminator-row\" style=\"margin: 0;\"><div id=\"captcha-1\" class=\"forminator-field-captcha  forminator-col-12 \"><div class=\"forminator-captcha-left forminator-g-recaptcha recaptcha-invisible\" data-theme=\"light\" data-badge=\"bottomright\" data-sitekey=\"6Lc3DN0hAAAAAETZ_eC7cUo9Q5XYGs560QVPkgoO\" data-size=\"invisible\"><\/div> <\/div><\/div><input type=\"hidden\" name=\"referer_url\" value=\"\" \/><div class=\"forminator-row forminator-row-last\"><div class=\"forminator-col\"><div class=\"forminator-field\"><button class=\"forminator-button forminator-button-submit\">Envoyer le message<\/button><\/div><\/div><\/div><input type=\"hidden\" id=\"forminator_nonce\" name=\"forminator_nonce\" value=\"00d61cb320\" \/><input type=\"hidden\" name=\"_wp_http_referer\" value=\"\/ru\/wp-json\/wp\/v2\/pages\/1045\" \/><input type=\"hidden\" name=\"form_id\" value=\"865\"><input type=\"hidden\" name=\"page_id\" value=\"1045\"><input type=\"hidden\" name=\"form_type\" value=\"default\"><input type=\"hidden\" name=\"current_url\" value=\"https:\/\/nexus-avocats.ch\/ru\/%d1%81%d0%b2%d1%8f%d0%b6%d0%b8%d1%82%d0%b5%d1%81%d1%8c\/\"><input type=\"hidden\" name=\"render_id\" value=\"1\"><input type=\"hidden\" name=\"action\" value=\"forminator_submit_form_custom-forms\"><\/form>NEXUS Avocats SA \u041e\u0444\u0438\u0441 \u0432 \u0412\u0435\u0432\u0435Rue des Communaux 141800 Vevey(\u0430\u0434\u0440\u0435\u0441 \u0434\u043b\u044f \u043a\u043e\u0440\u0440\u0435\u0441\u043f\u043e\u043d\u0434\u0435\u043d\u0446\u0438\u0438) \u041e\u0444\u0438\u0441 \u0432 \u041b\u043e\u0437\u0430\u043d\u043d\u0435Place Chauderon 241003 Lausanne +41 21 922 21 52 LinkedIn Facebook Instagram<\/p>\n","protected":false},"author":1,"featured_media":0,"parent":0,"menu_order":4,"comment_status":"closed","ping_status":"closed","template":"","meta":{"_acf_changed":false,"_et_pb_use_builder":"on","_et_pb_old_content":"","_et_gb_content_width":"","inline_featured_image":false,"footnotes":""},"class_list":["post-1045","page","type-page","status-publish","hentry"],"acf":[],"_links":{"self":[{"href":"https:\/\/nexus-avocats.ch\/ru\/wp-json\/wp\/v2\/pages\/1045","targetHints":{"allow":["GET"]}}],"collection":[{"href":"https:\/\/nexus-avocats.ch\/ru\/wp-json\/wp\/v2\/pages"}],"about":[{"href":"https:\/\/nexus-avocats.ch\/ru\/wp-json\/wp\/v2\/types\/page"}],"author":[{"embeddable":true,"href":"https:\/\/nexus-avocats.ch\/ru\/wp-json\/wp\/v2\/users\/1"}],"replies":[{"embeddable":true,"href":"https:\/\/nexus-avocats.ch\/ru\/wp-json\/wp\/v2\/comments?post=1045"}],"version-history":[{"count":3,"href":"https:\/\/nexus-avocats.ch\/ru\/wp-json\/wp\/v2\/pages\/1045\/revisions"}],"predecessor-version":[{"id":2743,"href":"https:\/\/nexus-avocats.ch\/ru\/wp-json\/wp\/v2\/pages\/1045\/revisions\/2743"}],"wp:attachment":[{"href":"https:\/\/nexus-avocats.ch\/ru\/wp-json\/wp\/v2\/media?parent=1045"}],"curies":[{"name":"wp","href":"https:\/\/api.w.org\/{rel}","templated":true}]}}